{"id":60,"date":"2024-02-25T09:53:03","date_gmt":"2024-02-25T08:53:03","guid":{"rendered":"https:\/\/technofacile.fr\/index.php\/portfolio-page\/"},"modified":"2024-02-25T10:36:29","modified_gmt":"2024-02-25T09:36:29","slug":"nos-services","status":"publish","type":"page","link":"https:\/\/technofacile.fr\/index.php\/nos-services\/","title":{"rendered":"Nos Services"},"content":{"rendered":"\n<div class=\"wp-block-group alignfull has-raft-bg-alt-background-color has-background is-layout-constrained wp-container-core-group-is-layout-1 wp-block-group-is-layout-constrained\" style=\"margin-top:0;margin-bottom:0;padding-top:var(--wp--preset--spacing--80);padding-right:var(--wp--preset--spacing--40);padding-bottom:var(--wp--preset--spacing--80);padding-left:var(--wp--preset--spacing--40)\">\n<h1 class=\"wp-block-heading alignwide has-text-align-center\">Nos Formations<\/h1>\n\n\n\n<p>Nos formations peuvent se d\u00e9rouler chez vous ou \u00e0 distance sur les sujets qui vous tiennent \u00e0 c\u0153ur et\/ou qui vous posent le plus de probl\u00e8mes. Le contenu et le format seront concord\u00e9s lors d&#8217;un entretien t\u00e9l\u00e9phonique pr\u00e9alable et affin\u00e9s au fil des s\u00e9ances.<\/p>\n\n\n\n<p>Ci-dessous quelques exemples des th\u00e8mes qui peuvent \u00eatre abord\u00e9s.<\/p>\n\n\n\n<p>Les formations peuvent aussi avoir lieu en anglais, espagnol ou italien.<\/p>\n<\/div>\n\n\n\n<div class=\"wp-block-group alignfull is-layout-constrained wp-container-core-group-is-layout-2 wp-block-group-is-layout-constrained\" style=\"margin-top:0;margin-bottom:0;padding-top:var(--wp--preset--spacing--80);padding-right:var(--wp--preset--spacing--40);padding-bottom:var(--wp--preset--spacing--80);padding-left:var(--wp--preset--spacing--40)\">\n<div class=\"wp-block-columns alignwide is-layout-flex wp-container-core-columns-is-layout-1 wp-block-columns-is-layout-flex\">\n<div class=\"wp-block-column is-layout-flow wp-container-core-column-is-layout-1 wp-block-column-is-layout-flow\">\n<figure class=\"wp-block-image size-full\"><img loading=\"lazy\" decoding=\"async\" width=\"1024\" height=\"1024\" src=\"https:\/\/technofacile.fr\/wp-content\/uploads\/2024\/02\/OIG3-1.jpg\" alt=\"\" class=\"wp-image-64\" srcset=\"https:\/\/technofacile.fr\/wp-content\/uploads\/2024\/02\/OIG3-1.jpg 1024w, https:\/\/technofacile.fr\/wp-content\/uploads\/2024\/02\/OIG3-1-300x300.jpg 300w, https:\/\/technofacile.fr\/wp-content\/uploads\/2024\/02\/OIG3-1-150x150.jpg 150w, https:\/\/technofacile.fr\/wp-content\/uploads\/2024\/02\/OIG3-1-768x768.jpg 768w\" sizes=\"(max-width: 1024px) 100vw, 1024px\" \/><\/figure>\n\n\n\n<h2 class=\"wp-block-heading has-text-align-center\">Logiciels de bureautique et collaboration<\/h2>\n\n\n\n<h3 class=\"wp-block-heading has-text-align-center has-small-font-size\" style=\"font-style:normal;font-weight:600;text-transform:uppercase\">Microsoft 365 ou Office sur PC<\/h3>\n<\/div>\n\n\n\n<div class=\"wp-block-column is-layout-flow wp-container-core-column-is-layout-2 wp-block-column-is-layout-flow\">\n<figure class=\"wp-block-image size-full\"><img loading=\"lazy\" decoding=\"async\" width=\"1024\" height=\"1024\" src=\"https:\/\/technofacile.fr\/wp-content\/uploads\/2024\/02\/OIG4.jpg\" alt=\"\" class=\"wp-image-65\" srcset=\"https:\/\/technofacile.fr\/wp-content\/uploads\/2024\/02\/OIG4.jpg 1024w, https:\/\/technofacile.fr\/wp-content\/uploads\/2024\/02\/OIG4-300x300.jpg 300w, https:\/\/technofacile.fr\/wp-content\/uploads\/2024\/02\/OIG4-150x150.jpg 150w, https:\/\/technofacile.fr\/wp-content\/uploads\/2024\/02\/OIG4-768x768.jpg 768w\" sizes=\"(max-width: 1024px) 100vw, 1024px\" \/><\/figure>\n\n\n\n<h2 class=\"wp-block-heading has-text-align-center\">Logiciels de bureautique et collaboration<\/h2>\n\n\n\n<h3 class=\"wp-block-heading has-text-align-center has-small-font-size\" style=\"font-style:normal;font-weight:600;text-transform:uppercase\">Suite Google Workspace sur PC<\/h3>\n<\/div>\n<\/div>\n\n\n\n<hr class=\"wp-block-separator has-alpha-channel-opacity is-style-default\"\/>\n\n\n\n<div class=\"wp-block-columns alignwide is-layout-flex wp-container-core-columns-is-layout-2 wp-block-columns-is-layout-flex\">\n<div class=\"wp-block-column is-layout-flow wp-container-core-column-is-layout-3 wp-block-column-is-layout-flow\">\n<figure class=\"wp-block-image size-full\"><img loading=\"lazy\" decoding=\"async\" width=\"1024\" height=\"1024\" src=\"https:\/\/technofacile.fr\/wp-content\/uploads\/2024\/02\/OIG2-1.jpg\" alt=\"\" class=\"wp-image-66\" srcset=\"https:\/\/technofacile.fr\/wp-content\/uploads\/2024\/02\/OIG2-1.jpg 1024w, https:\/\/technofacile.fr\/wp-content\/uploads\/2024\/02\/OIG2-1-300x300.jpg 300w, https:\/\/technofacile.fr\/wp-content\/uploads\/2024\/02\/OIG2-1-150x150.jpg 150w, https:\/\/technofacile.fr\/wp-content\/uploads\/2024\/02\/OIG2-1-768x768.jpg 768w\" sizes=\"(max-width: 1024px) 100vw, 1024px\" \/><\/figure>\n\n\n\n<h2 class=\"wp-block-heading has-text-align-center\">Vid\u00e9o-conf\u00e9rence<\/h2>\n\n\n\n<h3 class=\"wp-block-heading has-text-align-center has-small-font-size\" style=\"font-style:normal;font-weight:600;text-transform:uppercase\">MS Teams, Google Meet, Zoom, FaceTime, Jitsi<\/h3>\n<\/div>\n\n\n\n<div class=\"wp-block-column is-layout-flow wp-container-core-column-is-layout-4 wp-block-column-is-layout-flow\">\n<figure class=\"wp-block-image size-full\"><img loading=\"lazy\" decoding=\"async\" width=\"1024\" height=\"1024\" src=\"https:\/\/technofacile.fr\/wp-content\/uploads\/2024\/02\/OIG3-2.jpg\" alt=\"\" class=\"wp-image-67\" srcset=\"https:\/\/technofacile.fr\/wp-content\/uploads\/2024\/02\/OIG3-2.jpg 1024w, https:\/\/technofacile.fr\/wp-content\/uploads\/2024\/02\/OIG3-2-300x300.jpg 300w, https:\/\/technofacile.fr\/wp-content\/uploads\/2024\/02\/OIG3-2-150x150.jpg 150w, https:\/\/technofacile.fr\/wp-content\/uploads\/2024\/02\/OIG3-2-768x768.jpg 768w\" sizes=\"(max-width: 1024px) 100vw, 1024px\" \/><\/figure>\n\n\n\n<h2 class=\"wp-block-heading has-text-align-center\">Usage smartphone\/tablette<\/h2>\n\n\n\n<h3 class=\"wp-block-heading has-text-align-center has-small-font-size\" style=\"font-style:normal;font-weight:600;text-transform:uppercase\">Android\/IOS<\/h3>\n<\/div>\n<\/div>\n<\/div>\n\n\n\n<div class=\"wp-block-group alignfull has-raft-fg-alt-color has-raft-bg-inv-background-color has-text-color has-background has-link-color wp-elements-0a22eb965bf8218e7a157f1304311914 is-layout-flow wp-container-core-group-is-layout-4 wp-block-group-is-layout-flow\" style=\"margin-top:0;margin-bottom:0;padding-top:0;padding-right:0;padding-bottom:0;padding-left:0\">\n<div class=\"wp-block-columns is-layout-flex wp-container-core-columns-is-layout-3 wp-block-columns-is-layout-flex\" style=\"margin-top:0;margin-bottom:0;padding-top:0;padding-right:0;padding-bottom:0;padding-left:0\">\n<div class=\"wp-block-column is-vertically-aligned-stretch is-layout-flow wp-block-column-is-layout-flow\" style=\"padding-top:0;padding-right:0;padding-bottom:0;padding-left:0;flex-basis:50%\">\n<figure data-wp-context=\"{&quot;uploadedSrc&quot;:&quot;https:\\\/\\\/technofacile.fr\\\/wp-content\\\/uploads\\\/2024\\\/02\\\/OIG1.jpg&quot;,&quot;figureClassNames&quot;:&quot;wp-block-image aligncenter size-full&quot;,&quot;figureStyles&quot;:null,&quot;imgClassNames&quot;:&quot;wp-image-68&quot;,&quot;imgStyles&quot;:&quot;aspect-ratio:1;object-fit:cover&quot;,&quot;targetWidth&quot;:1024,&quot;targetHeight&quot;:1024,&quot;scaleAttr&quot;:&quot;cover&quot;,&quot;ariaLabel&quot;:&quot;Enlarge image&quot;,&quot;alt&quot;:&quot;&quot;}\" data-wp-interactive=\"core\/image\" class=\"wp-block-image aligncenter size-full wp-lightbox-container\"><img loading=\"lazy\" decoding=\"async\" width=\"1024\" height=\"1024\" data-wp-init=\"callbacks.setButtonStyles\" data-wp-on-async--click=\"actions.showLightbox\" data-wp-on-async--load=\"callbacks.setButtonStyles\" data-wp-on-async-window--resize=\"callbacks.setButtonStyles\" src=\"https:\/\/technofacile.fr\/wp-content\/uploads\/2024\/02\/OIG1.jpg\" alt=\"\" class=\"wp-image-68\" style=\"aspect-ratio:1;object-fit:cover\" srcset=\"https:\/\/technofacile.fr\/wp-content\/uploads\/2024\/02\/OIG1.jpg 1024w, https:\/\/technofacile.fr\/wp-content\/uploads\/2024\/02\/OIG1-300x300.jpg 300w, https:\/\/technofacile.fr\/wp-content\/uploads\/2024\/02\/OIG1-150x150.jpg 150w, https:\/\/technofacile.fr\/wp-content\/uploads\/2024\/02\/OIG1-768x768.jpg 768w\" sizes=\"(max-width: 1024px) 100vw, 1024px\" \/><button\n\t\t\tclass=\"lightbox-trigger\"\n\t\t\ttype=\"button\"\n\t\t\taria-haspopup=\"dialog\"\n\t\t\taria-label=\"Enlarge image\"\n\t\t\tdata-wp-init=\"callbacks.initTriggerButton\"\n\t\t\tdata-wp-on-async--click=\"actions.showLightbox\"\n\t\t\tdata-wp-style--right=\"context.imageButtonRight\"\n\t\t\tdata-wp-style--top=\"context.imageButtonTop\"\n\t\t>\n\t\t\t<svg xmlns=\"http:\/\/www.w3.org\/2000\/svg\" width=\"12\" height=\"12\" fill=\"none\" viewBox=\"0 0 12 12\">\n\t\t\t\t<path fill=\"#fff\" d=\"M2 0a2 2 0 0 0-2 2v2h1.5V2a.5.5 0 0 1 .5-.5h2V0H2Zm2 10.5H2a.5.5 0 0 1-.5-.5V8H0v2a2 2 0 0 0 2 2h2v-1.5ZM8 12v-1.5h2a.5.5 0 0 0 .5-.5V8H12v2a2 2 0 0 1-2 2H8Zm2-12a2 2 0 0 1 2 2v2h-1.5V2a.5.5 0 0 0-.5-.5H8V0h2Z\" \/>\n\t\t\t<\/svg>\n\t\t<\/button><\/figure>\n<\/div>\n\n\n\n<div class=\"wp-block-column is-vertically-aligned-center is-layout-constrained wp-container-core-column-is-layout-6 wp-block-column-is-layout-constrained\" style=\"padding-top:var(--wp--preset--spacing--80);padding-right:var(--wp--preset--spacing--60);padding-bottom:var(--wp--preset--spacing--80);padding-left:var(--wp--preset--spacing--60);flex-basis:50%\">\n<div class=\"wp-block-group is-layout-constrained wp-container-core-group-is-layout-3 wp-block-group-is-layout-constrained\">\n<p class=\"has-small-font-size\" style=\"font-style:normal;font-weight:600;letter-spacing:2px;text-transform:uppercase\">TechnoFacile<\/p>\n\n\n\n<h2 class=\"wp-block-heading has-huge-font-size\">La technologie \u00e0 port\u00e9e de main <\/h2>\n\n\n\n<p class=\"has-large-font-size\">Pour tous et \u00e0 tout \u00e2ge !<\/p>\n<\/div>\n\n\n\n<div class=\"wp-block-buttons is-layout-flex wp-block-buttons-is-layout-flex\">\n<div class=\"wp-block-button\"><a class=\"wp-block-button__link wp-element-button\" href=\"https:\/\/technofacile.fr\/index.php\/nous-contacter\/\">CONTACTEZ-NOUS<\/a><\/div>\n<\/div>\n<\/div>\n<\/div>\n<\/div>\n","protected":false},"excerpt":{"rendered":"<p>Nos Formations Nos formations peuvent se d\u00e9rouler chez vous ou \u00e0 distance sur les sujets qui vous tiennent \u00e0 c\u0153ur et\/ou qui vous posent le plus de probl\u00e8mes. Le contenu et le format seront concord\u00e9s lors d&#8217;un entretien t\u00e9l\u00e9phonique pr\u00e9alable et affin\u00e9s au fil des s\u00e9ances. Ci-dessous quelques exemples des th\u00e8mes qui peuvent \u00eatre abord\u00e9s. [&hellip;]<\/p>\n","protected":false},"author":1,"featured_media":0,"parent":0,"menu_order":0,"comment_status":"closed","ping_status":"closed","template":"template-plain","meta":{"om_disable_all_campaigns":false,"_themeisle_gutenberg_block_has_review":false,"footnotes":""},"class_list":["post-60","page","type-page","status-publish","hentry"],"aioseo_notices":[],"_links":{"self":[{"href":"https:\/\/technofacile.fr\/index.php\/wp-json\/wp\/v2\/pages\/60"}],"collection":[{"href":"https:\/\/technofacile.fr\/index.php\/wp-json\/wp\/v2\/pages"}],"about":[{"href":"https:\/\/technofacile.fr\/index.php\/wp-json\/wp\/v2\/types\/page"}],"author":[{"embeddable":true,"href":"https:\/\/technofacile.fr\/index.php\/wp-json\/wp\/v2\/users\/1"}],"replies":[{"embeddable":true,"href":"https:\/\/technofacile.fr\/index.php\/wp-json\/wp\/v2\/comments?post=60"}],"version-history":[{"count":7,"href":"https:\/\/technofacile.fr\/index.php\/wp-json\/wp\/v2\/pages\/60\/revisions"}],"predecessor-version":[{"id":74,"href":"https:\/\/technofacile.fr\/index.php\/wp-json\/wp\/v2\/pages\/60\/revisions\/74"}],"wp:attachment":[{"href":"https:\/\/technofacile.fr\/index.php\/wp-json\/wp\/v2\/media?parent=60"}],"curies":[{"name":"wp","href":"https:\/\/api.w.org\/{rel}","templated":true}]}}