{"id":33,"date":"2024-02-24T19:55:11","date_gmt":"2024-02-24T18:55:11","guid":{"rendered":"https:\/\/technofacile.fr\/index.php\/about-page\/"},"modified":"2024-02-26T11:31:40","modified_gmt":"2024-02-26T10:31:40","slug":"about-page","status":"publish","type":"page","link":"https:\/\/technofacile.fr\/index.php\/about-page\/","title":{"rendered":"Qui Sommes Nous"},"content":{"rendered":"\n<div class=\"wp-block-group alignfull has-raft-bg-alt-background-color has-background is-layout-constrained wp-container-core-group-is-layout-1 wp-block-group-is-layout-constrained\" style=\"margin-top:0;margin-bottom:0;padding-top:var(--wp--preset--spacing--80);padding-right:var(--wp--preset--spacing--40);padding-bottom:var(--wp--preset--spacing--80);padding-left:var(--wp--preset--spacing--40)\">\n<h1 class=\"wp-block-heading alignwide has-text-align-center\">Qui Sommes Nous<\/h1>\n<\/div>\n\n\n\n<div class=\"wp-block-group alignfull has-raft-fg-alt-color has-raft-bg-inv-background-color has-text-color has-background has-link-color wp-elements-69fd5e692c261060c7a31267861386ee is-layout-constrained wp-container-core-group-is-layout-3 wp-block-group-is-layout-constrained\" style=\"margin-top:0px;margin-bottom:0px;padding-top:var(--wp--preset--spacing--80);padding-right:var(--wp--preset--spacing--40);padding-bottom:var(--wp--preset--spacing--80);padding-left:var(--wp--preset--spacing--40)\">\n<h1 class=\"wp-block-heading\">Alberto Casale<\/h1>\n\n\n\n<div class=\"wp-block-group is-layout-constrained wp-container-core-group-is-layout-2 wp-block-group-is-layout-constrained\">\n<div class=\"wp-block-columns is-layout-flex wp-container-core-columns-is-layout-1 wp-block-columns-is-layout-flex\">\n<div class=\"wp-block-column is-layout-flow wp-block-column-is-layout-flow\" style=\"flex-basis:33.33%\">\n<figure class=\"wp-block-image aligncenter size-full is-resized\"><img loading=\"lazy\" decoding=\"async\" width=\"400\" height=\"503\" src=\"https:\/\/technofacile.fr\/wp-content\/uploads\/2024\/02\/alberto_.jpg\" alt=\"\" class=\"wp-image-36\" style=\"width:228px;height:auto\" srcset=\"https:\/\/technofacile.fr\/wp-content\/uploads\/2024\/02\/alberto_.jpg 400w, https:\/\/technofacile.fr\/wp-content\/uploads\/2024\/02\/alberto_-239x300.jpg 239w\" sizes=\"(max-width: 400px) 100vw, 400px\" \/><\/figure>\n<\/div>\n\n\n\n<div class=\"wp-block-column is-layout-flow wp-block-column-is-layout-flow\" style=\"flex-basis:66.66%\">\n<p>Italien, 60 ans, dipl\u00f4m\u00e9 \u00e0 Turin en Science de l\u2019Information et r\u00e9sidant en France depuis 1990. Je baigne dans l\u2019informatique depuis que l\u2019ordinateur personnel existe !<\/p>\n\n\n\n<p>Les logiciels de bureautique, les outils de collaboration et vid\u00e9oconf\u00e9rence sont mes outils du quotidien.<\/p>\n\n\n\n<p>Passionn\u00e9 d\u2019informatique, je souhaite transmettre les comp\u00e9tences acquises afin que tout le monde puisse profiter de la technologie sans stress.<\/p>\n<\/div>\n<\/div>\n<\/div>\n\n\n\n<div class=\"wp-block-columns is-layout-flex wp-container-core-columns-is-layout-2 wp-block-columns-is-layout-flex\">\n<div class=\"wp-block-column is-layout-flow wp-block-column-is-layout-flow\">\n<p>Apr\u00e8s un an de m\u00e9c\u00e9nat de comp\u00e9tence dans l\u2019association\u00a0<a href=\"http:\/\/franceparkinson.fr\/\" target=\"_blank\" rel=\"noreferrer noopener\"><mark style=\"background-color:rgba(0, 0, 0, 0)\" class=\"has-inline-color has-raft-accent-color\">France Parkinson<\/mark><\/a>\u00a0j\u2019ai perfectionn\u00e9 ma fa\u00e7on d\u2019apprendre l\u2019usage de la technologie aux personnes \u00e2g\u00e9es ou ayant des difficult\u00e9s (quelles qu\u2019elles soient). Etre proche des gens, de leurs attentes et de leurs difficult\u00e9s est primordial pour qu\u2019une formation soit efficace.<\/p>\n<\/div>\n<\/div>\n<\/div>\n\n\n\n<div class=\"wp-block-group alignfull is-layout-constrained wp-container-core-group-is-layout-4 wp-block-group-is-layout-constrained\" style=\"margin-top:0;margin-bottom:0;padding-top:var(--wp--preset--spacing--80);padding-right:var(--wp--preset--spacing--40);padding-bottom:var(--wp--preset--spacing--80);padding-left:var(--wp--preset--spacing--40)\">\n<div class=\"wp-block-columns alignwide is-layout-flex wp-container-core-columns-is-layout-3 wp-block-columns-is-layout-flex\">\n<div class=\"wp-block-column is-layout-flow wp-block-column-is-layout-flow\">\n<figure class=\"wp-block-embed is-type-video is-provider-youtube wp-block-embed-youtube wp-embed-aspect-16-9 wp-has-aspect-ratio\"><div class=\"wp-block-embed__wrapper\">\n<iframe loading=\"lazy\" title=\"M\u00e9c\u00e9nat de Comp\u00e9tences chez France Parkinson\" width=\"500\" height=\"281\" src=\"https:\/\/www.youtube.com\/embed\/ov8D2dz7hM4?feature=oembed\" frameborder=\"0\" allow=\"accelerometer; autoplay; clipboard-write; encrypted-media; gyroscope; picture-in-picture; web-share\" referrerpolicy=\"strict-origin-when-cross-origin\" allowfullscreen><\/iframe>\n<\/div><figcaption class=\"wp-element-caption\"><a href=\"http:\/\/franceparkinson.fr\" target=\"_blank\" rel=\"noopener\" title=\"\"><mark style=\"background-color:rgba(0, 0, 0, 0)\" class=\"has-inline-color has-raft-accent-color\">Association France Parkinson<\/mark><\/a><\/figcaption><\/figure>\n<\/div>\n\n\n\n<div class=\"wp-block-column is-vertically-aligned-center is-layout-flow wp-block-column-is-layout-flow\">\n<h2 class=\"wp-block-heading\">M\u00e9c\u00e9nat de Comp\u00e9tences<\/h2>\n\n\n\n<p>Une vid\u00e9o de pr\u00e9sentation de mon m\u00e9c\u00e9nat chez France Parkinson.<br>Un grand merci \u00e0 Gilles BUISSON (D\u00e9l\u00e9gu\u00e9 France Parkinson pour la Haute-Savoie) pour le super travail et les fous rire lors du tournage !<br>Un grand merci aussi \u00e0 l\u2019association <a href=\"http:\/\/franceparkinson.fr\" target=\"_blank\" rel=\"noopener\" title=\"\"><mark style=\"background-color:rgba(0, 0, 0, 0)\" class=\"has-inline-color has-raft-accent-color\">France Parkinson<\/mark><\/a> et \u00e0 ses extraordinaires salari\u00e9s et b\u00e9n\u00e9voles.<\/p>\n<\/div>\n<\/div>\n<\/div>\n","protected":false},"excerpt":{"rendered":"<p>Qui Sommes Nous Alberto Casale Italien, 60 ans, dipl\u00f4m\u00e9 \u00e0 Turin en Science de l\u2019Information et r\u00e9sidant en France depuis 1990. Je baigne dans l\u2019informatique depuis que l\u2019ordinateur personnel existe ! Les logiciels de bureautique, les outils de collaboration et vid\u00e9oconf\u00e9rence sont mes outils du quotidien. Passionn\u00e9 d\u2019informatique, je souhaite transmettre les comp\u00e9tences acquises afin [&hellip;]<\/p>\n","protected":false},"author":1,"featured_media":0,"parent":0,"menu_order":0,"comment_status":"closed","ping_status":"closed","template":"template-plain","meta":{"om_disable_all_campaigns":false,"_themeisle_gutenberg_block_has_review":false,"footnotes":""},"class_list":["post-33","page","type-page","status-publish","hentry"],"aioseo_notices":[],"_links":{"self":[{"href":"https:\/\/technofacile.fr\/index.php\/wp-json\/wp\/v2\/pages\/33"}],"collection":[{"href":"https:\/\/technofacile.fr\/index.php\/wp-json\/wp\/v2\/pages"}],"about":[{"href":"https:\/\/technofacile.fr\/index.php\/wp-json\/wp\/v2\/types\/page"}],"author":[{"embeddable":true,"href":"https:\/\/technofacile.fr\/index.php\/wp-json\/wp\/v2\/users\/1"}],"replies":[{"embeddable":true,"href":"https:\/\/technofacile.fr\/index.php\/wp-json\/wp\/v2\/comments?post=33"}],"version-history":[{"count":6,"href":"https:\/\/technofacile.fr\/index.php\/wp-json\/wp\/v2\/pages\/33\/revisions"}],"predecessor-version":[{"id":76,"href":"https:\/\/technofacile.fr\/index.php\/wp-json\/wp\/v2\/pages\/33\/revisions\/76"}],"wp:attachment":[{"href":"https:\/\/technofacile.fr\/index.php\/wp-json\/wp\/v2\/media?parent=33"}],"curies":[{"name":"wp","href":"https:\/\/api.w.org\/{rel}","templated":true}]}}